{"id":1528,"date":"2023-04-14T14:40:58","date_gmt":"2023-04-14T12:40:58","guid":{"rendered":"https:\/\/hmsbordeaux.com\/mentions-legales\/"},"modified":"2023-07-06T15:24:25","modified_gmt":"2023-07-06T13:24:25","slug":"legal-notices","status":"publish","type":"page","link":"https:\/\/hmsbordeaux.com\/en\/legal-notices\/","title":{"rendered":"Legal notices"},"content":{"rendered":"<h4>PUBLISHER INFORMATION<\/h4>\n<p>SAS HAUT MEDOC SELECTION<br \/>\nMail: contact@hmsbordeaux.com<br \/>\nPhone: +33 (0)5 56 48 40 42<br \/>\nAddress: 29 quai des Chartrons 33000 Bordeaux, France<br \/>\nSIREN: 377913751<\/p>\n<h4>PUBLICATION MANAGER<\/h4>\n<p>Philippe Tapie<br \/>\nMail : contact@hmsbordeaux.com<br \/>\nT\u00e9l\u00e9phone : +33 (0)5 56 48 40 42<\/p>\n<h4>PRODUCTION<\/h4>\n<p>Milk Digital<\/p>\n<h4>HOST<\/h4>\n<p>Milk Digital,<br \/>\n24 cours Georges Cl\u00e9menceau, 33000 Bordeaux<br \/>\nPhone: 0556390701<\/p>\n<h4>TEXTS<\/h4>\n<p>HMS<\/p>\n<h4>PHOTOS<\/h4>\n<p>David Duchon Doris<br \/>\nHMS<\/p>\n","protected":false},"excerpt":{"rendered":"PUBLISHER INFORMATION SAS HAUT MEDOC SELECTION Mail: contact@hmsbordeaux.com Phone: +33 (0)5 56 48 40 42 Address: 29 quai des Chartrons 33000 Bordeaux, France SIREN: 377913751 PUBLICATION MANAGER Philippe Tapie Mail : contact@hmsbordeaux.com T\u00e9l\u00e9phone : +33 (0)5 56 48 40 42 PRODUCTION Milk Digital HOST Milk Digital, 24 cours Georges Cl\u00e9menceau, 33000 Bordeaux Phone: 0556390701 TEXTS [&hellip;]","protected":false},"author":1,"featured_media":290,"parent":0,"menu_order":0,"comment_status":"closed","ping_status":"closed","template":"","meta":{"_acf_changed":false,"inline_featured_image":false,"footnotes":""},"class_list":["post-1528","page","type-page","status-publish","has-post-thumbnail","hentry"],"acf":[],"yoast_head":"<!-- This site is optimized with the Yoast SEO plugin v27.6 - https:\/\/yoast.com\/product\/yoast-seo-wordpress\/ -->\n<title>Legal notices &#8226; HMS, Sp\u00e9cialiste des Grands Crus Class\u00e9s de Bordeaux et des grands vins d\u2019exception<\/title>\n<meta name=\"robots\" content=\"index, follow, max-snippet:-1, max-image-preview:large, max-video-preview:-1\" \/>\n<link rel=\"canonical\" href=\"https:\/\/hmsbordeaux.com\/mentions-legales\/\" \/>\n<meta property=\"og:locale\" content=\"en_US\" \/>\n<meta property=\"og:type\" content=\"article\" \/>\n<meta property=\"og:title\" content=\"Legal notices &#8226; HMS, Sp\u00e9cialiste des Grands Crus Class\u00e9s de Bordeaux et des grands vins d\u2019exception\" \/>\n<meta property=\"og:description\" content=\"PUBLISHER INFORMATION SAS HAUT MEDOC SELECTION Mail: contact@hmsbordeaux.com Phone: +33 (0)5 56 48 40 42 Address: 29 quai des Chartrons 33000 Bordeaux, France SIREN: 377913751 PUBLICATION MANAGER Philippe Tapie Mail : contact@hmsbordeaux.com T\u00e9l\u00e9phone : +33 (0)5 56 48 40 42 PRODUCTION Milk Digital HOST Milk Digital, 24 cours Georges Cl\u00e9menceau, 33000 Bordeaux Phone: 0556390701 TEXTS [&hellip;]\" \/>\n<meta property=\"og:url\" content=\"https:\/\/hmsbordeaux.com\/mentions-legales\/\" \/>\n<meta property=\"og:site_name\" content=\"HMS\" \/>\n<meta property=\"article:publisher\" content=\"https:\/\/www.facebook.com\/HMSBordeaux\/?locale=fr_FR\" \/>\n<meta property=\"article:modified_time\" content=\"2023-07-06T13:24:25+00:00\" \/>\n<meta property=\"og:image\" content=\"https:\/\/hmsbordeaux.com\/wp-content\/uploads\/2023\/04\/HMS.png\" \/>\n\t<meta property=\"og:image:width\" content=\"600\" \/>\n\t<meta property=\"og:image:height\" content=\"600\" \/>\n\t<meta property=\"og:image:type\" content=\"image\/png\" \/>\n<meta name=\"twitter:card\" content=\"summary_large_image\" \/>\n<meta name=\"twitter:label1\" content=\"Est. reading time\" \/>\n\t<meta name=\"twitter:data1\" content=\"1 minute\" \/>\n<script type=\"application\/ld+json\" class=\"yoast-schema-graph\">{\"@context\":\"https:\\\/\\\/schema.org\",\"@graph\":[{\"@type\":\"WebPage\",\"@id\":\"https:\\\/\\\/hmsbordeaux.com\\\/mentions-legales\\\/\",\"url\":\"https:\\\/\\\/hmsbordeaux.com\\\/mentions-legales\\\/\",\"name\":\"Legal notices &#8226; HMS, Sp\u00e9cialiste des Grands Crus Class\u00e9s de Bordeaux et des grands vins d\u2019exception\",\"isPartOf\":{\"@id\":\"https:\\\/\\\/hmsbordeaux.com\\\/#website\"},\"primaryImageOfPage\":{\"@id\":\"https:\\\/\\\/hmsbordeaux.com\\\/mentions-legales\\\/#primaryimage\"},\"image\":{\"@id\":\"https:\\\/\\\/hmsbordeaux.com\\\/mentions-legales\\\/#primaryimage\"},\"thumbnailUrl\":\"https:\\\/\\\/hmsbordeaux.com\\\/wp-content\\\/uploads\\\/2023\\\/04\\\/HMS.png\",\"datePublished\":\"2023-04-14T12:40:58+00:00\",\"dateModified\":\"2023-07-06T13:24:25+00:00\",\"breadcrumb\":{\"@id\":\"https:\\\/\\\/hmsbordeaux.com\\\/mentions-legales\\\/#breadcrumb\"},\"inLanguage\":\"en-US\",\"potentialAction\":[{\"@type\":\"ReadAction\",\"target\":[\"https:\\\/\\\/hmsbordeaux.com\\\/mentions-legales\\\/\"]}]},{\"@type\":\"ImageObject\",\"inLanguage\":\"en-US\",\"@id\":\"https:\\\/\\\/hmsbordeaux.com\\\/mentions-legales\\\/#primaryimage\",\"url\":\"https:\\\/\\\/hmsbordeaux.com\\\/wp-content\\\/uploads\\\/2023\\\/04\\\/HMS.png\",\"contentUrl\":\"https:\\\/\\\/hmsbordeaux.com\\\/wp-content\\\/uploads\\\/2023\\\/04\\\/HMS.png\",\"width\":600,\"height\":600},{\"@type\":\"BreadcrumbList\",\"@id\":\"https:\\\/\\\/hmsbordeaux.com\\\/mentions-legales\\\/#breadcrumb\",\"itemListElement\":[{\"@type\":\"ListItem\",\"position\":1,\"name\":\"Accueil\",\"item\":\"https:\\\/\\\/hmsbordeaux.com\\\/\"},{\"@type\":\"ListItem\",\"position\":2,\"name\":\"Legal notices\"}]},{\"@type\":\"WebSite\",\"@id\":\"https:\\\/\\\/hmsbordeaux.com\\\/#website\",\"url\":\"https:\\\/\\\/hmsbordeaux.com\\\/\",\"name\":\"HMS\",\"description\":\"Sp\u00e9cialiste des Grands Crus Class\u00e9s de Bordeaux et des grands vins d\u2019exception\",\"publisher\":{\"@id\":\"https:\\\/\\\/hmsbordeaux.com\\\/#organization\"},\"alternateName\":\"Maison de n\u00e9goce en vins Bordeaux\",\"potentialAction\":[{\"@type\":\"SearchAction\",\"target\":{\"@type\":\"EntryPoint\",\"urlTemplate\":\"https:\\\/\\\/hmsbordeaux.com\\\/?s={search_term_string}\"},\"query-input\":{\"@type\":\"PropertyValueSpecification\",\"valueRequired\":true,\"valueName\":\"search_term_string\"}}],\"inLanguage\":\"en-US\"},{\"@type\":\"Organization\",\"@id\":\"https:\\\/\\\/hmsbordeaux.com\\\/#organization\",\"name\":\"HMS\",\"url\":\"https:\\\/\\\/hmsbordeaux.com\\\/\",\"logo\":{\"@type\":\"ImageObject\",\"inLanguage\":\"en-US\",\"@id\":\"https:\\\/\\\/hmsbordeaux.com\\\/#\\\/schema\\\/logo\\\/image\\\/\",\"url\":\"https:\\\/\\\/hmsbordeaux.com\\\/wp-content\\\/uploads\\\/2023\\\/04\\\/cropped-HMS-1.png\",\"contentUrl\":\"https:\\\/\\\/hmsbordeaux.com\\\/wp-content\\\/uploads\\\/2023\\\/04\\\/cropped-HMS-1.png\",\"width\":512,\"height\":512,\"caption\":\"HMS\"},\"image\":{\"@id\":\"https:\\\/\\\/hmsbordeaux.com\\\/#\\\/schema\\\/logo\\\/image\\\/\"},\"sameAs\":[\"https:\\\/\\\/www.facebook.com\\\/HMSBordeaux\\\/?locale=fr_FR\"]}]}<\/script>\n<!-- \/ Yoast SEO plugin. -->","yoast_head_json":{"title":"Legal notices &#8226; HMS, Sp\u00e9cialiste des Grands Crus Class\u00e9s de Bordeaux et des grands vins d\u2019exception","robots":{"index":"index","follow":"follow","max-snippet":"max-snippet:-1","max-image-preview":"max-image-preview:large","max-video-preview":"max-video-preview:-1"},"canonical":"https:\/\/hmsbordeaux.com\/mentions-legales\/","og_locale":"en_US","og_type":"article","og_title":"Legal notices &#8226; HMS, Sp\u00e9cialiste des Grands Crus Class\u00e9s de Bordeaux et des grands vins d\u2019exception","og_description":"PUBLISHER INFORMATION SAS HAUT MEDOC SELECTION Mail: contact@hmsbordeaux.com Phone: +33 (0)5 56 48 40 42 Address: 29 quai des Chartrons 33000 Bordeaux, France SIREN: 377913751 PUBLICATION MANAGER Philippe Tapie Mail : contact@hmsbordeaux.com T\u00e9l\u00e9phone : +33 (0)5 56 48 40 42 PRODUCTION Milk Digital HOST Milk Digital, 24 cours Georges Cl\u00e9menceau, 33000 Bordeaux Phone: 0556390701 TEXTS [&hellip;]","og_url":"https:\/\/hmsbordeaux.com\/mentions-legales\/","og_site_name":"HMS","article_publisher":"https:\/\/www.facebook.com\/HMSBordeaux\/?locale=fr_FR","article_modified_time":"2023-07-06T13:24:25+00:00","og_image":[{"width":600,"height":600,"url":"https:\/\/hmsbordeaux.com\/wp-content\/uploads\/2023\/04\/HMS.png","type":"image\/png"}],"twitter_card":"summary_large_image","twitter_misc":{"Est. reading time":"1 minute"},"schema":{"@context":"https:\/\/schema.org","@graph":[{"@type":"WebPage","@id":"https:\/\/hmsbordeaux.com\/mentions-legales\/","url":"https:\/\/hmsbordeaux.com\/mentions-legales\/","name":"Legal notices &#8226; HMS, Sp\u00e9cialiste des Grands Crus Class\u00e9s de Bordeaux et des grands vins d\u2019exception","isPartOf":{"@id":"https:\/\/hmsbordeaux.com\/#website"},"primaryImageOfPage":{"@id":"https:\/\/hmsbordeaux.com\/mentions-legales\/#primaryimage"},"image":{"@id":"https:\/\/hmsbordeaux.com\/mentions-legales\/#primaryimage"},"thumbnailUrl":"https:\/\/hmsbordeaux.com\/wp-content\/uploads\/2023\/04\/HMS.png","datePublished":"2023-04-14T12:40:58+00:00","dateModified":"2023-07-06T13:24:25+00:00","breadcrumb":{"@id":"https:\/\/hmsbordeaux.com\/mentions-legales\/#breadcrumb"},"inLanguage":"en-US","potentialAction":[{"@type":"ReadAction","target":["https:\/\/hmsbordeaux.com\/mentions-legales\/"]}]},{"@type":"ImageObject","inLanguage":"en-US","@id":"https:\/\/hmsbordeaux.com\/mentions-legales\/#primaryimage","url":"https:\/\/hmsbordeaux.com\/wp-content\/uploads\/2023\/04\/HMS.png","contentUrl":"https:\/\/hmsbordeaux.com\/wp-content\/uploads\/2023\/04\/HMS.png","width":600,"height":600},{"@type":"BreadcrumbList","@id":"https:\/\/hmsbordeaux.com\/mentions-legales\/#breadcrumb","itemListElement":[{"@type":"ListItem","position":1,"name":"Accueil","item":"https:\/\/hmsbordeaux.com\/"},{"@type":"ListItem","position":2,"name":"Legal notices"}]},{"@type":"WebSite","@id":"https:\/\/hmsbordeaux.com\/#website","url":"https:\/\/hmsbordeaux.com\/","name":"HMS","description":"Sp\u00e9cialiste des Grands Crus Class\u00e9s de Bordeaux et des grands vins d\u2019exception","publisher":{"@id":"https:\/\/hmsbordeaux.com\/#organization"},"alternateName":"Maison de n\u00e9goce en vins Bordeaux","potentialAction":[{"@type":"SearchAction","target":{"@type":"EntryPoint","urlTemplate":"https:\/\/hmsbordeaux.com\/?s={search_term_string}"},"query-input":{"@type":"PropertyValueSpecification","valueRequired":true,"valueName":"search_term_string"}}],"inLanguage":"en-US"},{"@type":"Organization","@id":"https:\/\/hmsbordeaux.com\/#organization","name":"HMS","url":"https:\/\/hmsbordeaux.com\/","logo":{"@type":"ImageObject","inLanguage":"en-US","@id":"https:\/\/hmsbordeaux.com\/#\/schema\/logo\/image\/","url":"https:\/\/hmsbordeaux.com\/wp-content\/uploads\/2023\/04\/cropped-HMS-1.png","contentUrl":"https:\/\/hmsbordeaux.com\/wp-content\/uploads\/2023\/04\/cropped-HMS-1.png","width":512,"height":512,"caption":"HMS"},"image":{"@id":"https:\/\/hmsbordeaux.com\/#\/schema\/logo\/image\/"},"sameAs":["https:\/\/www.facebook.com\/HMSBordeaux\/?locale=fr_FR"]}]}},"_links":{"self":[{"href":"https:\/\/hmsbordeaux.com\/en\/wp-json\/wp\/v2\/pages\/1528","targetHints":{"allow":["GET"]}}],"collection":[{"href":"https:\/\/hmsbordeaux.com\/en\/wp-json\/wp\/v2\/pages"}],"about":[{"href":"https:\/\/hmsbordeaux.com\/en\/wp-json\/wp\/v2\/types\/page"}],"author":[{"embeddable":true,"href":"https:\/\/hmsbordeaux.com\/en\/wp-json\/wp\/v2\/users\/1"}],"replies":[{"embeddable":true,"href":"https:\/\/hmsbordeaux.com\/en\/wp-json\/wp\/v2\/comments?post=1528"}],"version-history":[{"count":2,"href":"https:\/\/hmsbordeaux.com\/en\/wp-json\/wp\/v2\/pages\/1528\/revisions"}],"predecessor-version":[{"id":1799,"href":"https:\/\/hmsbordeaux.com\/en\/wp-json\/wp\/v2\/pages\/1528\/revisions\/1799"}],"wp:featuredmedia":[{"embeddable":true,"href":"https:\/\/hmsbordeaux.com\/en\/wp-json\/wp\/v2\/media\/290"}],"wp:attachment":[{"href":"https:\/\/hmsbordeaux.com\/en\/wp-json\/wp\/v2\/media?parent=1528"}],"curies":[{"name":"wp","href":"https:\/\/api.w.org\/{rel}","templated":true}]}}