{"id":210,"date":"2023-04-14T14:42:05","date_gmt":"2023-04-14T12:42:05","guid":{"rendered":"https:\/\/hmsbordeaux.com\/?page_id=210"},"modified":"2023-07-06T15:41:16","modified_gmt":"2023-07-06T13:41:16","slug":"accueil","status":"publish","type":"page","link":"https:\/\/hmsbordeaux.com\/en\/","title":{"rendered":"HMS Bordeaux"},"content":{"rendered":"","protected":false},"excerpt":{"rendered":"","protected":false},"author":1,"featured_media":264,"parent":0,"menu_order":0,"comment_status":"closed","ping_status":"closed","template":"","meta":{"_acf_changed":false,"inline_featured_image":false,"footnotes":""},"class_list":["post-210","page","type-page","status-publish","has-post-thumbnail","hentry"],"acf":[],"yoast_head":"<!-- This site is optimized with the Yoast SEO plugin v27.4 - https:\/\/yoast.com\/product\/yoast-seo-wordpress\/ -->\n<title>HMS &#8226; Sp\u00e9cialiste des Grands Crus Class\u00e9s de Bordeaux et des grands vins d\u2019exception<\/title>\n<meta name=\"description\" content=\"Maison de n\u00e9goce, situ\u00e9e en plein c\u0153ur des Chartrons, quartier historique du n\u00e9goce bordelais, hms a \u00e9t\u00e9 cr\u00e9\u00e9e en 2002 par Philippe Tapie et se trouve dans l\u2019une des c\u00e9l\u00e8bres Maisons Hollandaises datant du XVII\u00e8me si\u00e8cle.\" \/>\n<meta name=\"robots\" content=\"index, follow, max-snippet:-1, max-image-preview:large, max-video-preview:-1\" \/>\n<link rel=\"canonical\" href=\"https:\/\/hmsbordeaux.com\/\" \/>\n<meta property=\"og:locale\" content=\"en_US\" \/>\n<meta property=\"og:type\" content=\"article\" \/>\n<meta property=\"og:title\" content=\"HMS &#8226; Sp\u00e9cialiste des Grands Crus Class\u00e9s de Bordeaux et des grands vins d\u2019exception\" \/>\n<meta property=\"og:description\" content=\"Maison de n\u00e9goce, situ\u00e9e en plein c\u0153ur des Chartrons, quartier historique du n\u00e9goce bordelais, hms a \u00e9t\u00e9 cr\u00e9\u00e9e en 2002 par Philippe Tapie et se trouve dans l\u2019une des c\u00e9l\u00e8bres Maisons Hollandaises datant du XVII\u00e8me si\u00e8cle.\" \/>\n<meta property=\"og:url\" content=\"https:\/\/hmsbordeaux.com\/\" \/>\n<meta property=\"og:site_name\" content=\"HMS\" \/>\n<meta property=\"article:publisher\" content=\"https:\/\/www.facebook.com\/HMSBordeaux\/?locale=fr_FR\" \/>\n<meta property=\"article:modified_time\" content=\"2023-07-06T13:41:16+00:00\" \/>\n<meta property=\"og:image\" content=\"https:\/\/hmsbordeaux.com\/wp-content\/uploads\/2023\/04\/HMS-negociant-vin-bordeaux-bureau.jpg\" \/>\n\t<meta property=\"og:image:width\" content=\"1920\" \/>\n\t<meta property=\"og:image:height\" content=\"1281\" \/>\n\t<meta property=\"og:image:type\" content=\"image\/jpeg\" \/>\n<meta name=\"twitter:card\" content=\"summary_large_image\" \/>\n<script type=\"application\/ld+json\" class=\"yoast-schema-graph\">{\"@context\":\"https:\\\/\\\/schema.org\",\"@graph\":[{\"@type\":\"WebPage\",\"@id\":\"https:\\\/\\\/hmsbordeaux.com\\\/\",\"url\":\"https:\\\/\\\/hmsbordeaux.com\\\/\",\"name\":\"HMS &#8226; Sp\u00e9cialiste des Grands Crus Class\u00e9s de Bordeaux et des grands vins d\u2019exception\",\"isPartOf\":{\"@id\":\"https:\\\/\\\/hmsbordeaux.com\\\/#website\"},\"primaryImageOfPage\":{\"@id\":\"https:\\\/\\\/hmsbordeaux.com\\\/#primaryimage\"},\"image\":{\"@id\":\"https:\\\/\\\/hmsbordeaux.com\\\/#primaryimage\"},\"thumbnailUrl\":\"https:\\\/\\\/hmsbordeaux.com\\\/wp-content\\\/uploads\\\/2023\\\/04\\\/HMS-negociant-vin-bordeaux-bureau.jpg\",\"datePublished\":\"2023-04-14T12:42:05+00:00\",\"dateModified\":\"2023-07-06T13:41:16+00:00\",\"description\":\"Maison de n\u00e9goce, situ\u00e9e en plein c\u0153ur des Chartrons, quartier historique du n\u00e9goce bordelais, hms a \u00e9t\u00e9 cr\u00e9\u00e9e en 2002 par Philippe Tapie et se trouve dans l\u2019une des c\u00e9l\u00e8bres Maisons Hollandaises datant du XVII\u00e8me si\u00e8cle.\",\"breadcrumb\":{\"@id\":\"https:\\\/\\\/hmsbordeaux.com\\\/#breadcrumb\"},\"inLanguage\":\"en-US\",\"potentialAction\":[{\"@type\":\"ReadAction\",\"target\":[\"https:\\\/\\\/hmsbordeaux.com\\\/\"]}]},{\"@type\":\"ImageObject\",\"inLanguage\":\"en-US\",\"@id\":\"https:\\\/\\\/hmsbordeaux.com\\\/#primaryimage\",\"url\":\"https:\\\/\\\/hmsbordeaux.com\\\/wp-content\\\/uploads\\\/2023\\\/04\\\/HMS-negociant-vin-bordeaux-bureau.jpg\",\"contentUrl\":\"https:\\\/\\\/hmsbordeaux.com\\\/wp-content\\\/uploads\\\/2023\\\/04\\\/HMS-negociant-vin-bordeaux-bureau.jpg\",\"width\":1920,\"height\":1281},{\"@type\":\"BreadcrumbList\",\"@id\":\"https:\\\/\\\/hmsbordeaux.com\\\/#breadcrumb\",\"itemListElement\":[{\"@type\":\"ListItem\",\"position\":1,\"name\":\"Accueil\",\"item\":\"https:\\\/\\\/hmsbordeaux.com\\\/\"},{\"@type\":\"ListItem\",\"position\":2,\"name\":\"HMS Bordeaux\"}]},{\"@type\":\"WebSite\",\"@id\":\"https:\\\/\\\/hmsbordeaux.com\\\/#website\",\"url\":\"https:\\\/\\\/hmsbordeaux.com\\\/\",\"name\":\"HMS\",\"description\":\"Sp\u00e9cialiste des Grands Crus Class\u00e9s de Bordeaux et des grands vins d\u2019exception\",\"publisher\":{\"@id\":\"https:\\\/\\\/hmsbordeaux.com\\\/#organization\"},\"alternateName\":\"Maison de n\u00e9goce en vins Bordeaux\",\"potentialAction\":[{\"@type\":\"SearchAction\",\"target\":{\"@type\":\"EntryPoint\",\"urlTemplate\":\"https:\\\/\\\/hmsbordeaux.com\\\/?s={search_term_string}\"},\"query-input\":{\"@type\":\"PropertyValueSpecification\",\"valueRequired\":true,\"valueName\":\"search_term_string\"}}],\"inLanguage\":\"en-US\"},{\"@type\":\"Organization\",\"@id\":\"https:\\\/\\\/hmsbordeaux.com\\\/#organization\",\"name\":\"HMS\",\"url\":\"https:\\\/\\\/hmsbordeaux.com\\\/\",\"logo\":{\"@type\":\"ImageObject\",\"inLanguage\":\"en-US\",\"@id\":\"https:\\\/\\\/hmsbordeaux.com\\\/#\\\/schema\\\/logo\\\/image\\\/\",\"url\":\"https:\\\/\\\/hmsbordeaux.com\\\/wp-content\\\/uploads\\\/2023\\\/04\\\/cropped-HMS-1.png\",\"contentUrl\":\"https:\\\/\\\/hmsbordeaux.com\\\/wp-content\\\/uploads\\\/2023\\\/04\\\/cropped-HMS-1.png\",\"width\":512,\"height\":512,\"caption\":\"HMS\"},\"image\":{\"@id\":\"https:\\\/\\\/hmsbordeaux.com\\\/#\\\/schema\\\/logo\\\/image\\\/\"},\"sameAs\":[\"https:\\\/\\\/www.facebook.com\\\/HMSBordeaux\\\/?locale=fr_FR\"]}]}<\/script>\n<!-- \/ Yoast SEO plugin. -->","yoast_head_json":{"title":"HMS &#8226; Sp\u00e9cialiste des Grands Crus Class\u00e9s de Bordeaux et des grands vins d\u2019exception","description":"Maison de n\u00e9goce, situ\u00e9e en plein c\u0153ur des Chartrons, quartier historique du n\u00e9goce bordelais, hms a \u00e9t\u00e9 cr\u00e9\u00e9e en 2002 par Philippe Tapie et se trouve dans l\u2019une des c\u00e9l\u00e8bres Maisons Hollandaises datant du XVII\u00e8me si\u00e8cle.","robots":{"index":"index","follow":"follow","max-snippet":"max-snippet:-1","max-image-preview":"max-image-preview:large","max-video-preview":"max-video-preview:-1"},"canonical":"https:\/\/hmsbordeaux.com\/","og_locale":"en_US","og_type":"article","og_title":"HMS &#8226; Sp\u00e9cialiste des Grands Crus Class\u00e9s de Bordeaux et des grands vins d\u2019exception","og_description":"Maison de n\u00e9goce, situ\u00e9e en plein c\u0153ur des Chartrons, quartier historique du n\u00e9goce bordelais, hms a \u00e9t\u00e9 cr\u00e9\u00e9e en 2002 par Philippe Tapie et se trouve dans l\u2019une des c\u00e9l\u00e8bres Maisons Hollandaises datant du XVII\u00e8me si\u00e8cle.","og_url":"https:\/\/hmsbordeaux.com\/","og_site_name":"HMS","article_publisher":"https:\/\/www.facebook.com\/HMSBordeaux\/?locale=fr_FR","article_modified_time":"2023-07-06T13:41:16+00:00","og_image":[{"width":1920,"height":1281,"url":"https:\/\/hmsbordeaux.com\/wp-content\/uploads\/2023\/04\/HMS-negociant-vin-bordeaux-bureau.jpg","type":"image\/jpeg"}],"twitter_card":"summary_large_image","schema":{"@context":"https:\/\/schema.org","@graph":[{"@type":"WebPage","@id":"https:\/\/hmsbordeaux.com\/","url":"https:\/\/hmsbordeaux.com\/","name":"HMS &#8226; Sp\u00e9cialiste des Grands Crus Class\u00e9s de Bordeaux et des grands vins d\u2019exception","isPartOf":{"@id":"https:\/\/hmsbordeaux.com\/#website"},"primaryImageOfPage":{"@id":"https:\/\/hmsbordeaux.com\/#primaryimage"},"image":{"@id":"https:\/\/hmsbordeaux.com\/#primaryimage"},"thumbnailUrl":"https:\/\/hmsbordeaux.com\/wp-content\/uploads\/2023\/04\/HMS-negociant-vin-bordeaux-bureau.jpg","datePublished":"2023-04-14T12:42:05+00:00","dateModified":"2023-07-06T13:41:16+00:00","description":"Maison de n\u00e9goce, situ\u00e9e en plein c\u0153ur des Chartrons, quartier historique du n\u00e9goce bordelais, hms a \u00e9t\u00e9 cr\u00e9\u00e9e en 2002 par Philippe Tapie et se trouve dans l\u2019une des c\u00e9l\u00e8bres Maisons Hollandaises datant du XVII\u00e8me si\u00e8cle.","breadcrumb":{"@id":"https:\/\/hmsbordeaux.com\/#breadcrumb"},"inLanguage":"en-US","potentialAction":[{"@type":"ReadAction","target":["https:\/\/hmsbordeaux.com\/"]}]},{"@type":"ImageObject","inLanguage":"en-US","@id":"https:\/\/hmsbordeaux.com\/#primaryimage","url":"https:\/\/hmsbordeaux.com\/wp-content\/uploads\/2023\/04\/HMS-negociant-vin-bordeaux-bureau.jpg","contentUrl":"https:\/\/hmsbordeaux.com\/wp-content\/uploads\/2023\/04\/HMS-negociant-vin-bordeaux-bureau.jpg","width":1920,"height":1281},{"@type":"BreadcrumbList","@id":"https:\/\/hmsbordeaux.com\/#breadcrumb","itemListElement":[{"@type":"ListItem","position":1,"name":"Accueil","item":"https:\/\/hmsbordeaux.com\/"},{"@type":"ListItem","position":2,"name":"HMS Bordeaux"}]},{"@type":"WebSite","@id":"https:\/\/hmsbordeaux.com\/#website","url":"https:\/\/hmsbordeaux.com\/","name":"HMS","description":"Sp\u00e9cialiste des Grands Crus Class\u00e9s de Bordeaux et des grands vins d\u2019exception","publisher":{"@id":"https:\/\/hmsbordeaux.com\/#organization"},"alternateName":"Maison de n\u00e9goce en vins Bordeaux","potentialAction":[{"@type":"SearchAction","target":{"@type":"EntryPoint","urlTemplate":"https:\/\/hmsbordeaux.com\/?s={search_term_string}"},"query-input":{"@type":"PropertyValueSpecification","valueRequired":true,"valueName":"search_term_string"}}],"inLanguage":"en-US"},{"@type":"Organization","@id":"https:\/\/hmsbordeaux.com\/#organization","name":"HMS","url":"https:\/\/hmsbordeaux.com\/","logo":{"@type":"ImageObject","inLanguage":"en-US","@id":"https:\/\/hmsbordeaux.com\/#\/schema\/logo\/image\/","url":"https:\/\/hmsbordeaux.com\/wp-content\/uploads\/2023\/04\/cropped-HMS-1.png","contentUrl":"https:\/\/hmsbordeaux.com\/wp-content\/uploads\/2023\/04\/cropped-HMS-1.png","width":512,"height":512,"caption":"HMS"},"image":{"@id":"https:\/\/hmsbordeaux.com\/#\/schema\/logo\/image\/"},"sameAs":["https:\/\/www.facebook.com\/HMSBordeaux\/?locale=fr_FR"]}]}},"_links":{"self":[{"href":"https:\/\/hmsbordeaux.com\/en\/wp-json\/wp\/v2\/pages\/210","targetHints":{"allow":["GET"]}}],"collection":[{"href":"https:\/\/hmsbordeaux.com\/en\/wp-json\/wp\/v2\/pages"}],"about":[{"href":"https:\/\/hmsbordeaux.com\/en\/wp-json\/wp\/v2\/types\/page"}],"author":[{"embeddable":true,"href":"https:\/\/hmsbordeaux.com\/en\/wp-json\/wp\/v2\/users\/1"}],"replies":[{"embeddable":true,"href":"https:\/\/hmsbordeaux.com\/en\/wp-json\/wp\/v2\/comments?post=210"}],"version-history":[{"count":20,"href":"https:\/\/hmsbordeaux.com\/en\/wp-json\/wp\/v2\/pages\/210\/revisions"}],"predecessor-version":[{"id":1806,"href":"https:\/\/hmsbordeaux.com\/en\/wp-json\/wp\/v2\/pages\/210\/revisions\/1806"}],"wp:featuredmedia":[{"embeddable":true,"href":"https:\/\/hmsbordeaux.com\/en\/wp-json\/wp\/v2\/media\/264"}],"wp:attachment":[{"href":"https:\/\/hmsbordeaux.com\/en\/wp-json\/wp\/v2\/media?parent=210"}],"curies":[{"name":"wp","href":"https:\/\/api.w.org\/{rel}","templated":true}]}}